{"id":129,"date":"2023-12-16T13:54:09","date_gmt":"2023-12-16T13:54:09","guid":{"rendered":"https:\/\/www.detheoloog.nl\/?page_id=129"},"modified":"2024-06-04T07:29:45","modified_gmt":"2024-06-04T07:29:45","slug":"over-god-en-religie","status":"publish","type":"page","link":"https:\/\/www.detheoloog.nl\/?page_id=129","title":{"rendered":"Over god en religie"},"content":{"rendered":"<div class=\"wp-block-image\">\n<figure class=\"aligncenter size-large\"><img loading=\"lazy\" decoding=\"async\" width=\"1024\" height=\"711\" src=\"https:\/\/www.detheoloog.nl\/wp-content\/uploads\/2024\/06\/god-1024x711.jpg\" alt=\"\" class=\"wp-image-504\" srcset=\"https:\/\/www.detheoloog.nl\/wp-content\/uploads\/2024\/06\/god-1024x711.jpg 1024w, https:\/\/www.detheoloog.nl\/wp-content\/uploads\/2024\/06\/god-300x208.jpg 300w, https:\/\/www.detheoloog.nl\/wp-content\/uploads\/2024\/06\/god-768x534.jpg 768w, https:\/\/www.detheoloog.nl\/wp-content\/uploads\/2024\/06\/god.jpg 1500w\" sizes=\"auto, (max-width: 1024px) 100vw, 1024px\" \/><\/figure>\n<\/div>\n\n\n<p>Wat is god?<\/p>\n\n\n\n<p>Is er 1 god of meerdere, of miljoenen, of geen? Of is iedereen een god?<\/p>\n\n\n\n<p>Kortom, wat is de definitie van god zoals die op deze site wordt gebruikt.<\/p>\n\n\n\n<p>God kwam op aarde als een woord, dat duidelijk een individu, al dan niet begiftigd met bovennatuurlijke gaven, weerspiegelt. Als een tekst gaat over god, dan betreft het een identificeerbaar gegeven, met een macht\/kracht, die bij stervelingen onmogelijk aanwezig kan zijn. Hier begint het begrip &#8216;god&#8217;. De eerste bewijzen van het bestaan van god (het op aarde gekomen <em><strong>woord<\/strong><\/em>) komen uit geschriften, die gevonden zijn in China, Japan en de regio meteen daaromheen. Als je in de &#8216;dikke van Dale&#8217; zoekt krijgt god dezelfde definitie (&#8220;vereerd, bovennatuurlijk wezen&#8221;) en een extra definitie met een &#8216;The\u00efstische&#8217; connotatie &#8220;(in het monothe\u00efsme) de Schepper, het Opperwezen&#8221;.<\/p>\n\n\n\n<p>Wel mooi, dat de van Dale ook het woord &#8216;vereerd&#8217; noemt. Want bij een godsbesef horen rituelen, die dat gegeven in leven houden. En 1 van de methoden om een verhaal in stand te houden is het in stand houden van rituelen. Verering is een verzamelwoord voor talloze verhalen (over helden), rituelen, symbolen, met als doel om een god in leven te houden.<\/p>\n\n\n\n<p>We kennen nog een andere betekenis van god. Een persoon met buitengewone talenten of gaven wordt ook een god genoemd. Maria Callas, een wereldberoemde operazangeres werd &#8216;la divina&#8217; genoemde, de &#8216;goddelijke&#8217;. Maar voor sommigen was de Nederlandse voetballer Johan Cruijff ook een god. En Maradona, om in het rijtje sportidolen te blijven. Over dat soort goden hebben we het hier niet. Nee, de definitie van een god is als volgt:<\/p>\n\n\n\n<blockquote class=\"wp-block-quote is-layout-flow wp-block-quote-is-layout-flow\">\n<p>Een god is een identificeerbaar fenomeen, dat <strong>bovenaardse kwaliteiten bezit  en die ook gebruikt. <\/strong>Over het algemeen vertoont dit fenomeen menselijke eigenschappen, zoals het vermogen om te spreken, te luisteren, te denken en te handelen.<\/p>\n<\/blockquote>\n\n\n\n<p>Een god speelt een belangrijke rol in veel religies, dat moge duidelijk zijn. In veel religies staat \u00e9\u00e9n god centraal, dus \u00e9\u00e9n (1) uniek fenomeen met buitenaardse kwaliteiten en die is als zodanig dus aanwijsbaar. De god van de Joden bijvoorbeeld is een uniek fenomeen, dat luistert naar de naam Jahweh. Deze god wordt alle eigenschappen en daden toegekend die die betreffende religie vorm geven. In het Christendom is die ene god ook nog wel aanwijsbaar maar gaat de aandacht veel meer uit naar een goddelijk fenomeen, dat daarmee verband houdt, en als zoon van god wordt getypeerd. Aan dat fenomeen worden ook goddelijke kwaliteiten toegedicht (zoals onsterfelijkheid, het vermogen om doden op te wekken en over water te lopen) en men zou hier dus kunnen spreken van een polytheistische godsdienst, een godsdienst bestaande uit tenminste twee goden.<\/p>\n\n\n\n<p>In de Islam ontstaat weer een andere variant hierop, meer gestoeld op de traditionele Joodse religie, waarin profeten een hoofdrol spelen. In de Islam wordt een belangrijke rol weggelegd voor zo&#8217;n profeet, namelijk de profeet Mohammed. In het Joodse geloof bestaan talloze profeten, die hier en daar ook goddelijke kwaliteiten worden toegekend, hetgeen het Joodse geloof dus ook tot een polytheistische godsdienst zou maken. En in feite is de oorsprong van de Joodse religie ook een polytheistische. De god van de joden rekent namelijk in \u00e9\u00e9n van de vijf verhalen in de Tora af met al die andere goden en verklaart alleen die ene god als de ware god. (exodus 19,1 en verder).<\/p>\n","protected":false},"excerpt":{"rendered":"<p>Wat is god? Is er 1 god of meerdere, of miljoenen, of geen? Of is iedereen een god? Kortom, wat is de definitie van god zoals die op deze site &#8230;<\/p>\n","protected":false},"author":1,"featured_media":0,"parent":0,"menu_order":0,"comment_status":"closed","ping_status":"closed","template":"","meta":{"footnotes":""},"class_list":["post-129","page","type-page","status-publish","hentry"],"yoast_head":"<!-- This site is optimized with the Yoast SEO plugin v27.5 - https:\/\/yoast.com\/product\/yoast-seo-wordpress\/ -->\n<title>Over god en religie - De Theoloog<\/title>\n<meta name=\"robots\" content=\"index, follow, max-snippet:-1, max-image-preview:large, max-video-preview:-1\" \/>\n<link rel=\"canonical\" href=\"https:\/\/www.detheoloog.nl\/?page_id=129\" \/>\n<meta property=\"og:locale\" content=\"nl_NL\" \/>\n<meta property=\"og:type\" content=\"article\" \/>\n<meta property=\"og:title\" content=\"Over god en religie - De Theoloog\" \/>\n<meta property=\"og:description\" content=\"Wat is god? Is er 1 god of meerdere, of miljoenen, of geen? Of is iedereen een god? Kortom, wat is de definitie van god zoals die op deze site ...\" \/>\n<meta property=\"og:url\" content=\"https:\/\/www.detheoloog.nl\/?page_id=129\" \/>\n<meta property=\"og:site_name\" content=\"De Theoloog\" \/>\n<meta property=\"article:modified_time\" content=\"2024-06-04T07:29:45+00:00\" \/>\n<meta property=\"og:image\" content=\"https:\/\/www.detheoloog.nl\/wp-content\/uploads\/2024\/06\/god-1024x711.jpg\" \/>\n<meta name=\"twitter:card\" content=\"summary_large_image\" \/>\n<meta name=\"twitter:label1\" content=\"Geschatte leestijd\" \/>\n\t<meta name=\"twitter:data1\" content=\"3 minuten\" \/>\n<script type=\"application\/ld+json\" class=\"yoast-schema-graph\">{\"@context\":\"https:\\\/\\\/schema.org\",\"@graph\":[{\"@type\":\"WebPage\",\"@id\":\"https:\\\/\\\/www.detheoloog.nl\\\/?page_id=129\",\"url\":\"https:\\\/\\\/www.detheoloog.nl\\\/?page_id=129\",\"name\":\"Over god en religie - De Theoloog\",\"isPartOf\":{\"@id\":\"https:\\\/\\\/www.detheoloog.nl\\\/#website\"},\"primaryImageOfPage\":{\"@id\":\"https:\\\/\\\/www.detheoloog.nl\\\/?page_id=129#primaryimage\"},\"image\":{\"@id\":\"https:\\\/\\\/www.detheoloog.nl\\\/?page_id=129#primaryimage\"},\"thumbnailUrl\":\"https:\\\/\\\/www.detheoloog.nl\\\/wp-content\\\/uploads\\\/2024\\\/06\\\/god-1024x711.jpg\",\"datePublished\":\"2023-12-16T13:54:09+00:00\",\"dateModified\":\"2024-06-04T07:29:45+00:00\",\"breadcrumb\":{\"@id\":\"https:\\\/\\\/www.detheoloog.nl\\\/?page_id=129#breadcrumb\"},\"inLanguage\":\"nl-NL\",\"potentialAction\":[{\"@type\":\"ReadAction\",\"target\":[\"https:\\\/\\\/www.detheoloog.nl\\\/?page_id=129\"]}]},{\"@type\":\"ImageObject\",\"inLanguage\":\"nl-NL\",\"@id\":\"https:\\\/\\\/www.detheoloog.nl\\\/?page_id=129#primaryimage\",\"url\":\"https:\\\/\\\/www.detheoloog.nl\\\/wp-content\\\/uploads\\\/2024\\\/06\\\/god.jpg\",\"contentUrl\":\"https:\\\/\\\/www.detheoloog.nl\\\/wp-content\\\/uploads\\\/2024\\\/06\\\/god.jpg\",\"width\":1500,\"height\":1042},{\"@type\":\"BreadcrumbList\",\"@id\":\"https:\\\/\\\/www.detheoloog.nl\\\/?page_id=129#breadcrumb\",\"itemListElement\":[{\"@type\":\"ListItem\",\"position\":1,\"name\":\"Home\",\"item\":\"https:\\\/\\\/www.detheoloog.nl\\\/\"},{\"@type\":\"ListItem\",\"position\":2,\"name\":\"Over god en religie\"}]},{\"@type\":\"WebSite\",\"@id\":\"https:\\\/\\\/www.detheoloog.nl\\\/#website\",\"url\":\"https:\\\/\\\/www.detheoloog.nl\\\/\",\"name\":\"De Theoloog\",\"description\":\"Een site over religie\",\"publisher\":{\"@id\":\"https:\\\/\\\/www.detheoloog.nl\\\/#organization\"},\"potentialAction\":[{\"@type\":\"SearchAction\",\"target\":{\"@type\":\"EntryPoint\",\"urlTemplate\":\"https:\\\/\\\/www.detheoloog.nl\\\/?s={search_term_string}\"},\"query-input\":{\"@type\":\"PropertyValueSpecification\",\"valueRequired\":true,\"valueName\":\"search_term_string\"}}],\"inLanguage\":\"nl-NL\"},{\"@type\":\"Organization\",\"@id\":\"https:\\\/\\\/www.detheoloog.nl\\\/#organization\",\"name\":\"De Theoloog\",\"url\":\"https:\\\/\\\/www.detheoloog.nl\\\/\",\"logo\":{\"@type\":\"ImageObject\",\"inLanguage\":\"nl-NL\",\"@id\":\"https:\\\/\\\/www.detheoloog.nl\\\/#\\\/schema\\\/logo\\\/image\\\/\",\"url\":\"https:\\\/\\\/www.detheoloog.nl\\\/wp-content\\\/uploads\\\/2024\\\/06\\\/de-theoloog.jpg\",\"contentUrl\":\"https:\\\/\\\/www.detheoloog.nl\\\/wp-content\\\/uploads\\\/2024\\\/06\\\/de-theoloog.jpg\",\"width\":640,\"height\":240,\"caption\":\"De Theoloog\"},\"image\":{\"@id\":\"https:\\\/\\\/www.detheoloog.nl\\\/#\\\/schema\\\/logo\\\/image\\\/\"}}]}<\/script>\n<!-- \/ Yoast SEO plugin. -->","yoast_head_json":{"title":"Over god en religie - De Theoloog","robots":{"index":"index","follow":"follow","max-snippet":"max-snippet:-1","max-image-preview":"max-image-preview:large","max-video-preview":"max-video-preview:-1"},"canonical":"https:\/\/www.detheoloog.nl\/?page_id=129","og_locale":"nl_NL","og_type":"article","og_title":"Over god en religie - De Theoloog","og_description":"Wat is god? Is er 1 god of meerdere, of miljoenen, of geen? Of is iedereen een god? Kortom, wat is de definitie van god zoals die op deze site ...","og_url":"https:\/\/www.detheoloog.nl\/?page_id=129","og_site_name":"De Theoloog","article_modified_time":"2024-06-04T07:29:45+00:00","og_image":[{"url":"https:\/\/www.detheoloog.nl\/wp-content\/uploads\/2024\/06\/god-1024x711.jpg","type":"","width":"","height":""}],"twitter_card":"summary_large_image","twitter_misc":{"Geschatte leestijd":"3 minuten"},"schema":{"@context":"https:\/\/schema.org","@graph":[{"@type":"WebPage","@id":"https:\/\/www.detheoloog.nl\/?page_id=129","url":"https:\/\/www.detheoloog.nl\/?page_id=129","name":"Over god en religie - De Theoloog","isPartOf":{"@id":"https:\/\/www.detheoloog.nl\/#website"},"primaryImageOfPage":{"@id":"https:\/\/www.detheoloog.nl\/?page_id=129#primaryimage"},"image":{"@id":"https:\/\/www.detheoloog.nl\/?page_id=129#primaryimage"},"thumbnailUrl":"https:\/\/www.detheoloog.nl\/wp-content\/uploads\/2024\/06\/god-1024x711.jpg","datePublished":"2023-12-16T13:54:09+00:00","dateModified":"2024-06-04T07:29:45+00:00","breadcrumb":{"@id":"https:\/\/www.detheoloog.nl\/?page_id=129#breadcrumb"},"inLanguage":"nl-NL","potentialAction":[{"@type":"ReadAction","target":["https:\/\/www.detheoloog.nl\/?page_id=129"]}]},{"@type":"ImageObject","inLanguage":"nl-NL","@id":"https:\/\/www.detheoloog.nl\/?page_id=129#primaryimage","url":"https:\/\/www.detheoloog.nl\/wp-content\/uploads\/2024\/06\/god.jpg","contentUrl":"https:\/\/www.detheoloog.nl\/wp-content\/uploads\/2024\/06\/god.jpg","width":1500,"height":1042},{"@type":"BreadcrumbList","@id":"https:\/\/www.detheoloog.nl\/?page_id=129#breadcrumb","itemListElement":[{"@type":"ListItem","position":1,"name":"Home","item":"https:\/\/www.detheoloog.nl\/"},{"@type":"ListItem","position":2,"name":"Over god en religie"}]},{"@type":"WebSite","@id":"https:\/\/www.detheoloog.nl\/#website","url":"https:\/\/www.detheoloog.nl\/","name":"De Theoloog","description":"Een site over religie","publisher":{"@id":"https:\/\/www.detheoloog.nl\/#organization"},"potentialAction":[{"@type":"SearchAction","target":{"@type":"EntryPoint","urlTemplate":"https:\/\/www.detheoloog.nl\/?s={search_term_string}"},"query-input":{"@type":"PropertyValueSpecification","valueRequired":true,"valueName":"search_term_string"}}],"inLanguage":"nl-NL"},{"@type":"Organization","@id":"https:\/\/www.detheoloog.nl\/#organization","name":"De Theoloog","url":"https:\/\/www.detheoloog.nl\/","logo":{"@type":"ImageObject","inLanguage":"nl-NL","@id":"https:\/\/www.detheoloog.nl\/#\/schema\/logo\/image\/","url":"https:\/\/www.detheoloog.nl\/wp-content\/uploads\/2024\/06\/de-theoloog.jpg","contentUrl":"https:\/\/www.detheoloog.nl\/wp-content\/uploads\/2024\/06\/de-theoloog.jpg","width":640,"height":240,"caption":"De Theoloog"},"image":{"@id":"https:\/\/www.detheoloog.nl\/#\/schema\/logo\/image\/"}}]}},"_links":{"self":[{"href":"https:\/\/www.detheoloog.nl\/index.php?rest_route=\/wp\/v2\/pages\/129","targetHints":{"allow":["GET"]}}],"collection":[{"href":"https:\/\/www.detheoloog.nl\/index.php?rest_route=\/wp\/v2\/pages"}],"about":[{"href":"https:\/\/www.detheoloog.nl\/index.php?rest_route=\/wp\/v2\/types\/page"}],"author":[{"embeddable":true,"href":"https:\/\/www.detheoloog.nl\/index.php?rest_route=\/wp\/v2\/users\/1"}],"replies":[{"embeddable":true,"href":"https:\/\/www.detheoloog.nl\/index.php?rest_route=%2Fwp%2Fv2%2Fcomments&post=129"}],"version-history":[{"count":3,"href":"https:\/\/www.detheoloog.nl\/index.php?rest_route=\/wp\/v2\/pages\/129\/revisions"}],"predecessor-version":[{"id":505,"href":"https:\/\/www.detheoloog.nl\/index.php?rest_route=\/wp\/v2\/pages\/129\/revisions\/505"}],"wp:attachment":[{"href":"https:\/\/www.detheoloog.nl\/index.php?rest_route=%2Fwp%2Fv2%2Fmedia&parent=129"}],"curies":[{"name":"wp","href":"https:\/\/api.w.org\/{rel}","templated":true}]}}